{"id":5,"date":"2019-03-20T16:48:03","date_gmt":"2019-03-20T19:48:03","guid":{"rendered":"http:\/\/xexeu.elipse.com.br\/?page_id=5"},"modified":"2025-07-04T11:10:49","modified_gmt":"2025-07-04T14:10:49","slug":"home","status":"publish","type":"page","link":"https:\/\/kb.elipse.com.br\/en\/","title":{"rendered":"Home"},"content":{"rendered":"<div id=\"pl-5\"  class=\"panel-layout\" ><div id=\"pg-5-0\"  class=\"panel-grid panel-no-style\" ><div id=\"pgc-5-0-0\"  class=\"panel-grid-cell panel-grid-cell-empty\" ><\/div><div id=\"pgc-5-0-1\"  class=\"panel-grid-cell panel-grid-cell-mobile-last\" ><div id=\"panel-5-0-1-0\" class=\"so-panel widget widget_search panel-first-child panel-last-child\" data-index=\"0\" ><form role=\"search\" method=\"get\" class=\"search-form\" action=\"https:\/\/kb.elipse.com.br\/en\/\">\n\t\t\t\t<label>\n\t\t\t\t\t<span class=\"screen-reader-text\">Search for:<\/span>\n\t\t\t\t\t<input type=\"search\" class=\"search-field\" placeholder=\"Search &hellip;\" value=\"\" name=\"s\" \/>\n\t\t\t\t<\/label>\n\t\t\t\t<input type=\"submit\" class=\"search-submit\" value=\"Search\" \/>\n\t\t\t<\/form><\/div><\/div><div id=\"pgc-5-0-2\"  class=\"panel-grid-cell panel-grid-cell-empty\" ><\/div><\/div><div id=\"pg-5-1\"  class=\"panel-grid panel-no-style\" ><div id=\"pgc-5-1-0\"  class=\"panel-grid-cell\" ><div id=\"panel-5-1-0-0\" class=\"so-panel widget widget_sow-editor panel-first-child panel-last-child\" data-index=\"1\" ><div\n\t\t\t\n\t\t\tclass=\"so-widget-sow-editor so-widget-sow-editor-base\"\n\t\t\t\n\t\t>\n<div class=\"siteorigin-widget-tinymce textwidget\">\n\t<p><span style=\"color: #339966;\"><span class=\"\" style=\"display:block;clear:both;height: 0px;padding-top: 20px;border-top-width:0px;border-bottom-width:0px;\"><\/span><\/span><\/p>\n<h3 style=\"text-align: center;\"><span style=\"color: #000000;\">Welcome to our knowledge base! <\/span><\/h3>\n<p style=\"text-align: center;\"><span style=\"color: #1d64ba;\">To find what you're after, use the search box above or choose a category to view listed articles.<\/span><\/p>\n<span class=\"\" style=\"display:block;clear:both;height: 0px;padding-top: 20px;border-top-width:0px;border-bottom-width:0px;\"><\/span>\n<\/div>\n<\/div><\/div><\/div><\/div><div id=\"pg-5-2\"  class=\"panel-grid panel-no-style\" ><div id=\"pgc-5-2-0\"  class=\"panel-grid-cell\" ><div id=\"panel-5-2-0-0\" class=\"so-panel widget widget_sow-editor panel-first-child panel-last-child\" data-index=\"2\" ><div\n\t\t\t\n\t\t\tclass=\"so-widget-sow-editor so-widget-sow-editor-base\"\n\t\t\t\n\t\t>\n<div class=\"siteorigin-widget-tinymce textwidget\">\n\t<h3 class=\"widget-title\">Featured Articles<\/h3>\n<ul>\n<li><a title=\"Structure Query Language (SQL): Introduction.\" href=\"\/en\/structure-query-language-sql-introduction\/\">Structure Query Language (SQL): Introduction.<\/a><\/li>\n<li><a title=\"Methodology for Developing HMIs with High Visual Performance.\" href=\"\/en\/methodology-for-developing-hmis-with-high-visual-performance\/\">Methodology for Developing HMIs with High Visual Performance.<\/a><\/li>\n<li><a title=\"Virtualization Guide \u2013 Elipse Software.\" href=\"\/en\/virtualization-guide-elipse-software\/\">Virtualization Guide \u2013 Elipse Software.<\/a><\/li>\n<li><a title=\"Consuming and sending data from a JSON web service.\" href=\"\/en\/consuming-and-sending-data-from-a-json-web-service\/\">Consuming and sending data from a JSON web service.<\/a><\/li>\n<li><a title=\"Elipse E3\/Power version 4.6 (x64).\" href=\"\/en\/elipse-e3power-version-4-6-x64\/\">Elipse E3\/Power x64.<\/a><\/li>\n<li><a title=\"Using Libraries in Elipse E3: Introduction.\" href=\"\/en\/using-libraries-in-elipse-e3-introduction\/\">Using Libraries in Elipse E3: Introduction.<\/a><\/li>\n<li><a title=\"Hardkey not detected: E3 runs on Demo mode.\" href=\"https:\/\/kb.elipse.com.br\/en\/undetected-hardkey-elipse-e3-runs-on-demo-mode\/\">Hardkey not detected: E3 runs on Demo mode.<\/a><\/li>\n<li><a title=\"Using Databases in E3: Introduction.\" href=\"\/en\/using-databases-in-e3-introduction\/\">Using Databases in E3: Introduction.<\/a><\/li>\n<li><a title=\"Basic VBScript for Elipse E3: Introduction\" href=\"\/en\/basic-vbscript-for-elipse-e3-introduction\/\">Basic VBScript for Elipse E3: Introduction<\/a><\/li>\n<\/ul>\n<\/div>\n<\/div><\/div><\/div><\/div><div id=\"pg-5-3\"  class=\"panel-grid panel-no-style\" ><div id=\"pgc-5-3-0\"  class=\"panel-grid-cell\" ><div id=\"panel-5-3-0-0\" class=\"so-panel widget widget_views panel-first-child panel-last-child\" data-index=\"3\" ><h3 class=\"widget-title\">Most Popular Articles<\/h3><ul>\n<li><a href=\"https:\/\/kb.elipse.com.br\/en\/criando-uma-soma-cumulativa-com-o-banco-sql-utilizando-apenas-uma-consulta\/\" title=\"Criando uma soma cumulativa com o banco SQL utilizando apenas uma Consulta.\">Criando uma soma cumulativa com o banco SQL utilizando apenas uma Consulta.<\/a><\/li><li><a href=\"https:\/\/kb.elipse.com.br\/en\/kb15932-comando-dos-para-sincronizar-a-datahora-do-computador\/\" title=\"KB-15932: Comando DOS para sincronizar a data\/hora do computador.\">KB-15932: Comando DOS para sincronizar a data\/hora do computador.<\/a><\/li><li><a href=\"https:\/\/kb.elipse.com.br\/en\/metodologia-para-desenvolvimento-de-ihms-de-alta-performance-visual\/\" title=\"Metodologia para Desenvolvimento de IHMs de Alta Performance Visual.\">Metodologia para Desenvolvimento de IHMs de Alta Performance Visual.<\/a><\/li><li><a href=\"https:\/\/kb.elipse.com.br\/en\/aplicacao-exemplo-driver-mqtt-em-comunicacao-com-broker-mosquitto-mqtt\/\" title=\"Aplica&ccedil;&atilde;o exemplo: Driver MQTT em comunica&ccedil;&atilde;o com Broker Mosquitto MQTT.\">Aplica&ccedil;&atilde;o exemplo: Driver MQTT em comunica&ccedil;&atilde;o com Broker Mosquitto MQTT.<\/a><\/li><li><a href=\"https:\/\/kb.elipse.com.br\/en\/configuracoes-para-disponibilizar-o-sql-server-na-rede\/\" title=\"Configura&ccedil;&otilde;es para disponibilizar o SQL Server na rede.\">Configura&ccedil;&otilde;es para disponibilizar o SQL Server na rede.<\/a><\/li><li><a href=\"https:\/\/kb.elipse.com.br\/en\/tutorial-de-instalacao-e-configuracao-do-microsoft-sql-server-express-2017\/\" title=\"Tutorial de instala&ccedil;&atilde;o e configura&ccedil;&atilde;o do Microsoft&reg; SQL Server&reg; Express 2017.\">Tutorial de instala&ccedil;&atilde;o e configura&ccedil;&atilde;o do Microsoft&reg; SQL Server&reg; Express 2017.<\/a><\/li><li><a href=\"https:\/\/kb.elipse.com.br\/en\/hardkey-nao-e-reconhecida-e-elipse-e3-roda-em-modo-demo\/\" title=\"Hardkey n&atilde;o &eacute; reconhecida e Elipse E3 roda em modo Demo.\">Hardkey n&atilde;o &eacute; reconhecida e Elipse E3 roda em modo Demo.<\/a><\/li><li><a href=\"https:\/\/kb.elipse.com.br\/en\/consumindo-e-enviando-dados-de-um-webservice-que-utiliza-o-formato-json\/\" title=\"Consumindo e enviando dados de um webservice que utiliza o formato JSON.\">Consumindo e enviando dados de um webservice que utiliza o formato JSON.<\/a><\/li><li><a href=\"https:\/\/kb.elipse.com.br\/en\/armazenando-arquivos-em-modo-binario-no-banco-sql-server\/\" title=\"Armazenando arquivos em modo bin&aacute;rio no Banco SQL Server.\">Armazenando arquivos em modo bin&aacute;rio no Banco SQL Server.<\/a><\/li><li><a href=\"https:\/\/kb.elipse.com.br\/en\/fazendo-o-upgrade-da-chave-de-produto-via-hkcustomer\/\" title=\"Fazendo o Upgrade da Chave de Produto via HKCustomer.\">Fazendo o Upgrade da Chave de Produto via HKCustomer.<\/a><\/li><\/ul>\n<\/div><\/div><\/div><div id=\"pg-5-4\"  class=\"panel-grid panel-no-style\" ><div id=\"pgc-5-4-0\"  class=\"panel-grid-cell\" >\n\t\t<div id=\"panel-5-4-0-0\" class=\"so-panel widget widget_recent-posts widget_recent_entries panel-first-child panel-last-child\" data-index=\"4\" >\n\t\t<h3 class=\"widget-title\">Recent Entries<\/h3>\n\t\t<ul>\n\t\t\t\t\t\t\t\t\t\t\t<li>\n\t\t\t\t\t<a href=\"https:\/\/kb.elipse.com.br\/en\/exporting-a-section-report-as-a-password-protected-pdf-in-elipse-e3\/\">Exporting a Section Report as a Password-Protected PDF in Elipse E3.<\/a>\n\t\t\t\t\t\t\t\t\t<\/li>\n\t\t\t\t\t\t\t\t\t\t\t<li>\n\t\t\t\t\t<a href=\"https:\/\/kb.elipse.com.br\/en\/exportando-um-relatorio-de-secao-como-arquivo-protegido-com-senha\/\">Exportando um Relat\u00f3rio de Se\u00e7\u00e3o como PDF protegido por senha no Elipse E3<\/a>\n\t\t\t\t\t\t\t\t\t<\/li>\n\t\t\t\t\t\t\t\t\t\t\t<li>\n\t\t\t\t\t<a href=\"https:\/\/kb.elipse.com.br\/en\/exporting-a-section-report-to-csv-format\/\">Exporting a Section Report to CSV format.<\/a>\n\t\t\t\t\t\t\t\t\t<\/li>\n\t\t\t\t\t\t\t\t\t\t\t<li>\n\t\t\t\t\t<a href=\"https:\/\/kb.elipse.com.br\/en\/exportando-um-relatorio-de-secao-para-o-formato-csv\/\">Exportando um Relat\u00f3rio de Se\u00e7\u00e3o para o formato CSV.<\/a>\n\t\t\t\t\t\t\t\t\t<\/li>\n\t\t\t\t\t\t\t\t\t\t\t<li>\n\t\t\t\t\t<a href=\"https:\/\/kb.elipse.com.br\/en\/example-application-simple-and-detailed-section-reports-in-e3\/\">Example Application: Simple and Detailed Section Reports in E3.<\/a>\n\t\t\t\t\t\t\t\t\t<\/li>\n\t\t\t\t\t\t\t\t\t\t\t<li>\n\t\t\t\t\t<a href=\"https:\/\/kb.elipse.com.br\/en\/aplicacao-exemplo-relatorios-de-secao-simples-e-detalhados\/\">Aplica\u00e7\u00e3o exemplo: relat\u00f3rios de se\u00e7\u00e3o simples e detalhados.<\/a>\n\t\t\t\t\t\t\t\t\t<\/li>\n\t\t\t\t\t\t\t\t\t\t\t<li>\n\t\t\t\t\t<a href=\"https:\/\/kb.elipse.com.br\/en\/democratizando-dados-industriais-o-poder-da-api-restful-no-ecossistema-epm\/\">Democratizando Dados Industriais: O Poder da API RESTful no Ecossistema EPM.<\/a>\n\t\t\t\t\t\t\t\t\t<\/li>\n\t\t\t\t\t\t\t\t\t\t\t<li>\n\t\t\t\t\t<a href=\"https:\/\/kb.elipse.com.br\/en\/dominando-a-visualizacao-o-poder-do-navigation-no-epm-portal\/\">Dominando a Visualiza\u00e7\u00e3o: O Poder do Navigation no EPM Portal.<\/a>\n\t\t\t\t\t\t\t\t\t<\/li>\n\t\t\t\t\t\t\t\t\t\t\t<li>\n\t\t\t\t\t<a href=\"https:\/\/kb.elipse.com.br\/en\/a-ponte-entre-a-intuicao-humana-e-a-autonomia-industrial-o-papel-estrategico-do-epm-processor-na-transformacao-digital\/\">A Ponte entre a Intui\u00e7\u00e3o Humana e a Autonomia Industrial: O Papel Estrat\u00e9gico do EPM Processor na Transforma\u00e7\u00e3o Digital.<\/a>\n\t\t\t\t\t\t\t\t\t<\/li>\n\t\t\t\t\t\t\t\t\t\t\t<li>\n\t\t\t\t\t<a href=\"https:\/\/kb.elipse.com.br\/en\/a-ponte-entre-a-operacao-e-a-gestao-desbloqueando-dados-do-epm-com-ole-db-provider\/\">A Ponte entre a Opera\u00e7\u00e3o e a Gest\u00e3o: Desbloqueando Dados do EPM com OLE DB Provider<\/a>\n\t\t\t\t\t\t\t\t\t<\/li>\n\t\t\t\t\t<\/ul>\n\n\t\t<\/div><\/div><\/div><div id=\"pg-5-5\"  class=\"panel-grid panel-no-style\" ><div id=\"pgc-5-5-0\"  class=\"panel-grid-cell\" ><div id=\"panel-5-5-0-0\" class=\"so-panel widget widget_sow-editor panel-first-child panel-last-child\" data-index=\"5\" ><div\n\t\t\t\n\t\t\tclass=\"so-widget-sow-editor so-widget-sow-editor-base\"\n\t\t\t\n\t\t>\n<div class=\"siteorigin-widget-tinymce textwidget\">\n\t<span class=\"\" style=\"display:block;clear:both;height: 0px;padding-top: 20px;border-top-width:0px;border-bottom-width:0px;\"><\/span>\n<\/div>\n<\/div><\/div><\/div><\/div><\/div>","protected":false},"excerpt":{"rendered":"<p>Welcome to our knowledge base! To find what you&#8217;re after, use the search box above or choose a category to view listed articles. Featured Articles Structure Query Language (SQL): Introduction.&hellip;<\/p>\n","protected":false},"author":1,"featured_media":0,"parent":0,"menu_order":0,"comment_status":"closed","ping_status":"closed","template":"","meta":{"_exactmetrics_skip_tracking":false,"_exactmetrics_sitenote_active":false,"_exactmetrics_sitenote_note":"","_exactmetrics_sitenote_category":0},"yoast_head":"<!-- This site is optimized with the Yoast SEO plugin v19.8 - https:\/\/yoast.com\/wordpress\/plugins\/seo\/ -->\n<title>Home - Elipse Knowledgebase<\/title>\n<meta name=\"description\" content=\"Acesse mais de 4000 artigos com informa\u00e7\u00f5es sobre os produtos da Elipse Software.\" \/>\n<meta name=\"robots\" content=\"index, follow, max-snippet:-1, max-image-preview:large, max-video-preview:-1\" \/>\n<link rel=\"canonical\" href=\"https:\/\/kb.elipse.com.br\/en\/\" \/>\n<meta property=\"og:locale\" content=\"en_US\" \/>\n<meta property=\"og:type\" content=\"article\" \/>\n<meta property=\"og:title\" content=\"Home\" \/>\n<meta property=\"og:description\" content=\"Acesse mais de 4000 artigos com informa\u00e7\u00f5es sobre os produtos da Elipse Software.\" \/>\n<meta property=\"og:url\" content=\"https:\/\/kb.elipse.com.br\/en\/\" \/>\n<meta property=\"og:site_name\" content=\"Elipse Knowledgebase\" \/>\n<meta property=\"article:publisher\" content=\"http:\/\/www.facebook.com\/elipsesoftware\" \/>\n<meta property=\"article:modified_time\" content=\"2025-07-04T14:10:49+00:00\" \/>\n<meta name=\"twitter:card\" content=\"summary_large_image\" \/>\n<meta name=\"twitter:label1\" content=\"Est. reading time\" \/>\n\t<meta name=\"twitter:data1\" content=\"1 minute\" \/>\n<script type=\"application\/ld+json\" class=\"yoast-schema-graph\">{\"@context\":\"https:\/\/schema.org\",\"@graph\":[{\"@type\":\"WebPage\",\"@id\":\"https:\/\/kb.elipse.com.br\/en\/\",\"url\":\"https:\/\/kb.elipse.com.br\/en\/\",\"name\":\"[:pt]Home[:en]Home[:] - Elipse Knowledgebase\",\"isPartOf\":{\"@id\":\"https:\/\/kb.elipse.com.br\/#website\"},\"datePublished\":\"2019-03-20T19:48:03+00:00\",\"dateModified\":\"2025-07-04T14:10:49+00:00\",\"description\":\"Acesse mais de 4000 artigos com informa\u00e7\u00f5es sobre os produtos da Elipse Software.\",\"breadcrumb\":{\"@id\":\"https:\/\/kb.elipse.com.br\/en\/#breadcrumb\"},\"inLanguage\":\"en-US\",\"potentialAction\":[{\"@type\":\"ReadAction\",\"target\":[\"https:\/\/kb.elipse.com.br\/en\/\"]}]},{\"@type\":\"BreadcrumbList\",\"@id\":\"https:\/\/kb.elipse.com.br\/en\/#breadcrumb\",\"itemListElement\":[{\"@type\":\"ListItem\",\"position\":1,\"name\":\"In\u00edcio\",\"item\":\"https:\/\/kb.elipse.com.br\/en\/\"},{\"@type\":\"ListItem\",\"position\":2,\"name\":\"Home\"}]},{\"@type\":\"WebSite\",\"@id\":\"https:\/\/kb.elipse.com.br\/#website\",\"url\":\"https:\/\/kb.elipse.com.br\/\",\"name\":\"Elipse Knowledgebase\",\"description\":\"\",\"publisher\":{\"@id\":\"https:\/\/kb.elipse.com.br\/#organization\"},\"potentialAction\":[{\"@type\":\"SearchAction\",\"target\":{\"@type\":\"EntryPoint\",\"urlTemplate\":\"https:\/\/kb.elipse.com.br\/?s={search_term_string}\"},\"query-input\":\"required name=search_term_string\"}],\"inLanguage\":\"en-US\"},{\"@type\":\"Organization\",\"@id\":\"https:\/\/kb.elipse.com.br\/#organization\",\"name\":\"Elipse Software\",\"url\":\"https:\/\/kb.elipse.com.br\/\",\"sameAs\":[\"http:\/\/www.facebook.com\/elipsesoftware\"],\"logo\":{\"@type\":\"ImageObject\",\"inLanguage\":\"en-US\",\"@id\":\"https:\/\/kb.elipse.com.br\/#\/schema\/logo\/image\/\",\"url\":\"https:\/\/kb.elipse.com.br\/wp-content\/uploads\/2019\/05\/schererelipse-com-br\/logoElipse.png\",\"contentUrl\":\"https:\/\/kb.elipse.com.br\/wp-content\/uploads\/2019\/05\/schererelipse-com-br\/logoElipse.png\",\"width\":161,\"height\":58,\"caption\":\"Elipse Software\"},\"image\":{\"@id\":\"https:\/\/kb.elipse.com.br\/#\/schema\/logo\/image\/\"}}]}<\/script>\n<!-- \/ Yoast SEO plugin. -->","yoast_head_json":{"title":"Home - Elipse Knowledgebase","description":"Acesse mais de 4000 artigos com informa\u00e7\u00f5es sobre os produtos da Elipse Software.","robots":{"index":"index","follow":"follow","max-snippet":"max-snippet:-1","max-image-preview":"max-image-preview:large","max-video-preview":"max-video-preview:-1"},"canonical":"https:\/\/kb.elipse.com.br\/en\/","og_locale":"en_US","og_type":"article","og_title":"[:pt]Home[:en]Home[:] - Elipse Knowledgebase","og_description":"Acesse mais de 4000 artigos com informa\u00e7\u00f5es sobre os produtos da Elipse Software.","og_url":"https:\/\/kb.elipse.com.br\/en\/","og_site_name":"Elipse Knowledgebase","article_publisher":"http:\/\/www.facebook.com\/elipsesoftware","article_modified_time":"2025-07-04T14:10:49+00:00","twitter_card":"summary_large_image","twitter_misc":{"Est. reading time":"1 minute"},"schema":{"@context":"https:\/\/schema.org","@graph":[{"@type":"WebPage","@id":"https:\/\/kb.elipse.com.br\/en\/","url":"https:\/\/kb.elipse.com.br\/en\/","name":"[:pt]Home[:en]Home[:] - Elipse Knowledgebase","isPartOf":{"@id":"https:\/\/kb.elipse.com.br\/#website"},"datePublished":"2019-03-20T19:48:03+00:00","dateModified":"2025-07-04T14:10:49+00:00","description":"Acesse mais de 4000 artigos com informa\u00e7\u00f5es sobre os produtos da Elipse Software.","breadcrumb":{"@id":"https:\/\/kb.elipse.com.br\/en\/#breadcrumb"},"inLanguage":"en-US","potentialAction":[{"@type":"ReadAction","target":["https:\/\/kb.elipse.com.br\/en\/"]}]},{"@type":"BreadcrumbList","@id":"https:\/\/kb.elipse.com.br\/en\/#breadcrumb","itemListElement":[{"@type":"ListItem","position":1,"name":"In\u00edcio","item":"https:\/\/kb.elipse.com.br\/en\/"},{"@type":"ListItem","position":2,"name":"Home"}]},{"@type":"WebSite","@id":"https:\/\/kb.elipse.com.br\/#website","url":"https:\/\/kb.elipse.com.br\/","name":"Elipse Knowledgebase","description":"","publisher":{"@id":"https:\/\/kb.elipse.com.br\/#organization"},"potentialAction":[{"@type":"SearchAction","target":{"@type":"EntryPoint","urlTemplate":"https:\/\/kb.elipse.com.br\/?s={search_term_string}"},"query-input":"required name=search_term_string"}],"inLanguage":"en-US"},{"@type":"Organization","@id":"https:\/\/kb.elipse.com.br\/#organization","name":"Elipse Software","url":"https:\/\/kb.elipse.com.br\/","sameAs":["http:\/\/www.facebook.com\/elipsesoftware"],"logo":{"@type":"ImageObject","inLanguage":"en-US","@id":"https:\/\/kb.elipse.com.br\/#\/schema\/logo\/image\/","url":"https:\/\/kb.elipse.com.br\/wp-content\/uploads\/2019\/05\/schererelipse-com-br\/logoElipse.png","contentUrl":"https:\/\/kb.elipse.com.br\/wp-content\/uploads\/2019\/05\/schererelipse-com-br\/logoElipse.png","width":161,"height":58,"caption":"Elipse Software"},"image":{"@id":"https:\/\/kb.elipse.com.br\/#\/schema\/logo\/image\/"}}]}},"_links":{"self":[{"href":"https:\/\/kb.elipse.com.br\/en\/wp-json\/wp\/v2\/pages\/5"}],"collection":[{"href":"https:\/\/kb.elipse.com.br\/en\/wp-json\/wp\/v2\/pages"}],"about":[{"href":"https:\/\/kb.elipse.com.br\/en\/wp-json\/wp\/v2\/types\/page"}],"author":[{"embeddable":true,"href":"https:\/\/kb.elipse.com.br\/en\/wp-json\/wp\/v2\/users\/1"}],"replies":[{"embeddable":true,"href":"https:\/\/kb.elipse.com.br\/en\/wp-json\/wp\/v2\/comments?post=5"}],"version-history":[{"count":209,"href":"https:\/\/kb.elipse.com.br\/en\/wp-json\/wp\/v2\/pages\/5\/revisions"}],"predecessor-version":[{"id":17128,"href":"https:\/\/kb.elipse.com.br\/en\/wp-json\/wp\/v2\/pages\/5\/revisions\/17128"}],"wp:attachment":[{"href":"https:\/\/kb.elipse.com.br\/en\/wp-json\/wp\/v2\/media?parent=5"}],"curies":[{"name":"wp","href":"https:\/\/api.w.org\/{rel}","templated":true}]}}